{"id":63,"date":"2016-06-22T09:07:32","date_gmt":"2016-06-22T08:07:32","guid":{"rendered":"http:\/\/archefilderstadt.de\/?page_id=63"},"modified":"2025-06-17T16:44:27","modified_gmt":"2025-06-17T15:44:27","slug":"offene-stellen","status":"publish","type":"page","link":"https:\/\/archefilderstadt.de\/?page_id=63","title":{"rendered":"Offene Stellen"},"content":{"rendered":"<div style=\"text-align:justify;\">F\u00fcr unser Kath. Kinderhaus Arche suchen wir Fachkr\u00e4fte f\u00fcr den Kindergarten- und Hortbereich.<\/p>\n<p><img decoding=\"async\" src=\"https:\/\/archefilderstadt.de\/wp-content\/uploads\/2023\/05\/Scan.jpg\"><\/p>\n<p>Bei Interesse f\u00fcr den Hortbereich darf <a href=\"https:\/\/archefilderstadt.de\/wp-content\/uploads\/2025\/06\/2025_03_Anzeige_Horterzieher_Arche.pdf\">diesem Link<\/a> gefolgt werden.<\/div>\n","protected":false},"excerpt":{"rendered":"<p>F\u00fcr unser Kath. Kinderhaus Arche suchen wir Fachkr\u00e4fte f\u00fcr den Kindergarten- und Hortbereich. Bei Interesse f\u00fcr den Hortbereich darf diesem Link gefolgt werden.<\/p>\n","protected":false},"author":1,"featured_media":0,"parent":0,"menu_order":0,"comment_status":"closed","ping_status":"closed","template":"","meta":{"footnotes":""},"class_list":["post-63","page","type-page","status-publish","hentry"],"_links":{"self":[{"href":"https:\/\/archefilderstadt.de\/index.php?rest_route=\/wp\/v2\/pages\/63"}],"collection":[{"href":"https:\/\/archefilderstadt.de\/index.php?rest_route=\/wp\/v2\/pages"}],"about":[{"href":"https:\/\/archefilderstadt.de\/index.php?rest_route=\/wp\/v2\/types\/page"}],"author":[{"embeddable":true,"href":"https:\/\/archefilderstadt.de\/index.php?rest_route=\/wp\/v2\/users\/1"}],"replies":[{"embeddable":true,"href":"https:\/\/archefilderstadt.de\/index.php?rest_route=%2Fwp%2Fv2%2Fcomments&post=63"}],"version-history":[{"count":34,"href":"https:\/\/archefilderstadt.de\/index.php?rest_route=\/wp\/v2\/pages\/63\/revisions"}],"predecessor-version":[{"id":13825,"href":"https:\/\/archefilderstadt.de\/index.php?rest_route=\/wp\/v2\/pages\/63\/revisions\/13825"}],"wp:attachment":[{"href":"https:\/\/archefilderstadt.de\/index.php?rest_route=%2Fwp%2Fv2%2Fmedia&parent=63"}],"curies":[{"name":"wp","href":"https:\/\/api.w.org\/{rel}","templated":true}]}}