{"id":13400,"date":"2020-12-01T12:06:55","date_gmt":"2020-12-01T11:06:55","guid":{"rendered":"https:\/\/archefilderstadt.de\/?page_id=13400"},"modified":"2020-12-18T10:00:38","modified_gmt":"2020-12-18T09:00:38","slug":"zu-uns","status":"publish","type":"page","link":"https:\/\/archefilderstadt.de\/?page_id=13400","title":{"rendered":"Zu uns"},"content":{"rendered":"\n<div style=\"text-align:justify;\"><span style=\"font-size:20px;\"><b>Wovon wir \u00fcberzeugt sind<\/b><\/span><br>Kinder brauchen <b>Erziehung<\/b>, <b>Bildung<\/b> und <b>Orientierung<\/b>. Grundlage unserer p\u00e4dagogischen Arbeit ist der f\u00fcr Baden-W\u00fcrttemberg verbindliche Orientierungsplan, sowie die gesetzlichen Grundlagen, die darin aufgef\u00fchrt sind.<br>Jedes Kind hat eigene <b>Interessen<\/b>, <b>Bed\u00fcrfnisse<\/b> und <b>M\u00f6glichkeiten<\/b>. Wir greifen diese situationsgerecht auf und entwickeln daraus p\u00e4dagogische Angebote. Unser Handeln beruht auf dem <b>Situationsorientierten Ansatz<\/b>.<br>Wir leben <b>Partizipation<\/b>. Wir sind \u00fcberzeugt davon, dass Kinder Wichtiges zu sagen haben und ber\u00fccksichtigen ihre Meinung und ihre Ideen im p\u00e4dagogischen Alltag.<\/span><br>\n<img decoding=\"async\" style=\"border-top:15px solid #dddddd;border-right:15px solid #dddddd;border-bottom:50px solid #dddddd;border-left:15px solid #dddddd;margin:20px 0 20px 0;\" src=\"http:\/\/archefilderstadt.de\/wp-content\/uploads\/2016\/06\/Kinderhaus.jpg\"><br>\n<span style=\"font-size:20px;\"><b>Was uns ausmacht<\/b><\/span><p style=\"text-align:justify;\">Ein teilge\u00f6ffnetes Konzept: Unser Konzept mit <b>Stammgruppen<\/b> und <b>Funktionsr\u00e4umen<\/b> erm\u00f6glicht es den Kindern, viele Funktionsr\u00e4ume zu erkunden und trotzdem in ihrer Stammgruppe eine verl\u00e4ssliche Gruppensituation vorzufinden. Eine eigene Gruppe zum Wohlf\u00fchlen und trotzdem viele Spiel- und Bildungsm\u00f6glichkeiten im ganzen Haus.<br>\nEine Eingew\u00f6hnung nach dem <b>Berliner Eingew\u00f6hnungsmodell<\/b>: Basierend auf der Bindungstheorie und unserer jahrelangen Erfahrung im Umgang mit den besonderen \u00dcberg\u00e4ngen im Leben eines Kindes, gew\u00f6hnen wir Ihr Kind so ein, wie Bindungsbeziehungen zwischen Menschen entstehen: durch viel Zeit, Zuwendung und (in Bezug auf Kinder) nur mit den prim\u00e4ren Bezugspersonen (so nennt man z.B. die Eltern &#8222;auf p\u00e4dagogisch&#8220;).<br>\nEin <b>multi-professionelles Team<\/b> an ErzieherInnen, Kinderpflegerinnen, Kindheitsp\u00e4dagoginnen und <b>Integration- und Sprachf\u00f6rderkr\u00e4ften<\/b>. Wir haben sowohl weibliche als auch m\u00e4nnliche ErzieherInnen, bieten also vielf\u00e4ltige Rollenvorbilder und Erziehungspartner.<br>\nEin Naturtag in der Woche: Jeden Freitag erkunden wir Wald und Flur um unsere Einrichtung herum.<br>\n<img decoding=\"async\" style=\"border-top:15px solid #dddddd;border-right:15px solid #dddddd;border-bottom:50px solid #dddddd;border-left:15px solid #dddddd;margin:20px 0 20px 0;\" src=\"https:\/\/archefilderstadt.de\/wp-content\/uploads\/2016\/06\/cropped-3.jpg\"><br>\n<span style=\"font-size:20px;\"><b>Was uns tr\u00e4gt<\/b><\/span><br>\nTr\u00e4ger unseres Kinderhauses ist die Katholische Kirchengemeinde \u201aZu Unserer Lieben Frau\u2018 in Filderstadt Bonlanden. Katholische Kindertageseinrichtungen erf\u00fcllen ihren von Staat und \u00d6ffentlichkeit anerkannten <b>Erziehungs- und Bildungsauftrag in Unterst\u00fctzung und Erg\u00e4nzung zur Familie<\/b>.<br><br>\nUnsere Arbeit gr\u00fcndet auf dem <b>christlichen Glauben<\/b> und dem <b>christlichen Menschenbild<\/b>. Auf dieser Grundlage ist das Kinderhaus auch ein Ort der Begegnung f\u00fcr alle Kinder mit ihren Familien aus unterschiedlichen Kulturkreisen und Religionszugeh\u00f6rigkeiten.<br><br>\n<span style=\"font-size:20px;\"><b>Mit wem wir kooperieren<\/b><\/span><br>Mit unseren Eltern: Die Zusammenarbeit mit den Eltern definieren wir als <b>Erziehungspartnerschaft<\/b>. Sie ist f\u00fcr uns wertvoll und unverzichtbar.<br>Mit der Grundschule: In <b>Zusammenarbeit mit der Kooperationslehrerin<\/b> sind wir bem\u00fcht, den Kindern alle wichtigen Vorl\u00e4uferf\u00e4higkeiten f\u00fcr die Schule zu vermitteln.<br><br>\nMit unterschiedlichen Institutionen:<br>&#8211; Landesverband<br>&#8211; Gesundheitsamt<br>&#8211; Therapeuten<br>&#8211; Beratungsstellen<br>&#8211; Sozialer Dienst<br><br><span style=\"font-size:20px;\"><b>Wen wir besuchen<\/b><\/span><br>\nWir besuchen die <b>Feuerwehr<\/b>, die <b>Polizei<\/b> und wir bekommen hin und wieder Besuch von der <b>Verkehrswacht<\/b>. Wir leihen <b>B\u00fccher<\/b> aus der Bibliothek oder besuchen <b>Lesungen<\/b> dort. Wir genie\u00dfen <b>Theaterst\u00fccke<\/b> und <b>musikalische Auff\u00fchrungen<\/b> im Naturtheater Stetten oder in der Filharmonie. Wir m\u00f6gen den <b>Umgang mit Tieren<\/b> und besuchen darum auch gerne die <b>Jugendfarm<\/b>.<br><img decoding=\"async\" style=\"border-top:15px solid #dddddd;border-right:15px solid #dddddd;border-bottom:50px solid #dddddd;border-left:15px solid #dddddd;margin:20px 0 20px 0;\" src=\"http:\/\/archefilderstadt.de\/wp-content\/uploads\/2016\/06\/2.jpg\"><br>Sind Sie interessiert an unserem gesamten <b>Konzept<\/b>? Dann k\u00f6nnen Sie hier mit einem Klick die ausf\u00fchrliche Konzeption als PDF-Datei ansehen: <a href=\"http:\/\/archefilderstadt.de\/wp-content\/uploads\/2016\/06\/Konzeption-Kinderhaus-Arche-2018.pdf\">Konzeption Kinderhaus Arche 2018<\/a>.<br><br>\n<span style=\"font-size:20px;\"><b>Little Bird<\/b><\/span><br>\nSeit Oktober 2017 arbeiten wir mit dem Onlinevergabeportal <b>Little Bird<\/b>. Dadurch entsteht eine Erleichterung im Anmelde- und Vergabeverfahren von Betreuungsangeboten. M\u00f6chten Sie Ihr Kind f\u00fcr einen Betreuungsplatz in unserer Einrichtung anmelden? Dann folgen Sie diesem Link: <a href=\"https:\/\/little-bird.de\/\">LITTLE BIRD<\/a>. Selbstverst\u00e4ndlich k\u00f6nnen Sie sich auch pers\u00f6nlich bei uns melden. In diesem Zusammenhang k\u00f6nnen Sie sich von unserem Kinderhaus vor Ort einen Einblick verschaffen (Hausf\u00fchrung).<\/p>\n","protected":false},"excerpt":{"rendered":"<p>Wovon wir \u00fcberzeugt sindKinder brauchen Erziehung, Bildung und Orientierung. Grundlage unserer p\u00e4dagogischen Arbeit ist der f\u00fcr Baden-W\u00fcrttemberg verbindliche Orientierungsplan, sowie die gesetzlichen Grundlagen, die darin aufgef\u00fchrt sind.Jedes Kind hat eigene Interessen, Bed\u00fcrfnisse und M\u00f6glichkeiten. Wir greifen diese situationsgerecht auf und entwickeln daraus p\u00e4dagogische Angebote. Unser Handeln beruht auf dem Situationsorientierten Ansatz.Wir leben Partizipation. Wir sind &hellip; <\/p>\n<p class=\"link-more\"><a href=\"https:\/\/archefilderstadt.de\/?page_id=13400\" class=\"more-link\"><span class=\"screen-reader-text\">\u201eZu uns\u201c<\/span> weiterlesen<\/a><\/p>\n","protected":false},"author":1,"featured_media":0,"parent":0,"menu_order":0,"comment_status":"closed","ping_status":"closed","template":"","meta":{"footnotes":""},"class_list":["post-13400","page","type-page","status-publish","hentry"],"_links":{"self":[{"href":"https:\/\/archefilderstadt.de\/index.php?rest_route=\/wp\/v2\/pages\/13400"}],"collection":[{"href":"https:\/\/archefilderstadt.de\/index.php?rest_route=\/wp\/v2\/pages"}],"about":[{"href":"https:\/\/archefilderstadt.de\/index.php?rest_route=\/wp\/v2\/types\/page"}],"author":[{"embeddable":true,"href":"https:\/\/archefilderstadt.de\/index.php?rest_route=\/wp\/v2\/users\/1"}],"replies":[{"embeddable":true,"href":"https:\/\/archefilderstadt.de\/index.php?rest_route=%2Fwp%2Fv2%2Fcomments&post=13400"}],"version-history":[{"count":20,"href":"https:\/\/archefilderstadt.de\/index.php?rest_route=\/wp\/v2\/pages\/13400\/revisions"}],"predecessor-version":[{"id":13575,"href":"https:\/\/archefilderstadt.de\/index.php?rest_route=\/wp\/v2\/pages\/13400\/revisions\/13575"}],"wp:attachment":[{"href":"https:\/\/archefilderstadt.de\/index.php?rest_route=%2Fwp%2Fv2%2Fmedia&parent=13400"}],"curies":[{"name":"wp","href":"https:\/\/api.w.org\/{rel}","templated":true}]}}